{"id":3999,"date":"2024-12-31T21:22:56","date_gmt":"2024-12-31T19:22:56","guid":{"rendered":"https:\/\/mmminterior.hu\/?post_type=product&#038;p=3999"},"modified":"2025-01-03T22:08:36","modified_gmt":"2025-01-03T20:08:36","slug":"bmw-e46-m3-phoenixgelb-track","status":"publish","type":"product","link":"https:\/\/mmminterior.hu\/en\/referenciak\/bmw-e46-m3-phoenixgelb-track\/","title":{"rendered":"BMW E46 M3 Phoenixgelb &#8220;Track+&#8221;"},"content":{"rendered":"","protected":false},"excerpt":{"rendered":"<div class=\"xdj266r x11i5rnm xat24cr x1mh8g0r x1vvkbs x126k92a\">\n<div dir=\"auto\">E46 M3 PHOENIXGELB<\/div>\n<\/div>\n<div class=\"x11i5rnm xat24cr x1mh8g0r x1vvkbs xtlvy1s x126k92a\">\n<div dir=\"auto\">A vezet\u00e9st igaz\u00e1n kedvel\u0151k k\u00f6r\u00e9ben el\u00e9g n\u00e9pszer\u0171 a BMW E46 M3 modellje, \u00e9s nem mellesleg a mi egyik nagy kedvenc\u00fcnk k\u00f6z\u00e9 is tartozik<\/div>\n<\/div>\n<div class=\"x11i5rnm xat24cr x1mh8g0r x1vvkbs xtlvy1s x126k92a\">\n<div dir=\"auto\">Bal\u00e1zs, a Posh Garage-t\u00f3l azzal a k\u00e9r\u00e9ssel keresett meg minket, hogy \u00faj szerzem\u00e9ny\u00e9t, ezt a ritka Phoenixgelb M3-ast egy teljesen \u00faj, \u00e9s egyedi utast\u00e9rrel ruh\u00e1zzuk fel.<\/div>\n<\/div>\n<div class=\"x11i5rnm xat24cr x1mh8g0r x1vvkbs xtlvy1s x126k92a\">\n<div dir=\"auto\">A t\u00f6bb hetes el\u0151zetes egyeztet\u00e9s meghozta a v\u00e9gs\u0151 elk\u00e9pzel\u00e9st (rengeteg alcantara, carbon \u00e9s l\u00e9zergrav\u00edroz\u00e1s seg\u00edts\u00e9g\u00e9vel), melyet b\u00fcszk\u00e9n mutatunk be <span class=\"html-span xexx8yu x4uap5 x18d9i69 xkhd6sd x1hl2dhg x16tdsg8 x1vvkbs x3nfvp2 x1j61x8r x1fcty0u xdj266r xat24cr xgzva0m xhhsvwb xxymvpz xlup9mm x1kky2od\"><img decoding=\"async\" class=\"xz74otr lazyload\" data-src=\"https:\/\/static.xx.fbcdn.net\/images\/emoji.php\/v9\/tb7\/1\/16\/1f917.png\" alt=\"\ud83e\udd17\" width=\"16\" height=\"16\" src=\"data:image\/gif;base64,R0lGODlhAQABAAAAACH5BAEKAAEALAAAAAABAAEAAAICTAEAOw==\" style=\"--smush-placeholder-width: 16px; --smush-placeholder-aspect-ratio: 16\/16;\" \/><noscript><img decoding=\"async\" class=\"xz74otr\" src=\"https:\/\/static.xx.fbcdn.net\/images\/emoji.php\/v9\/tb7\/1\/16\/1f917.png\" alt=\"\ud83e\udd17\" width=\"16\" height=\"16\" \/><\/noscript><\/span>!<\/div>\n<\/div>\n<div class=\"x11i5rnm xat24cr x1mh8g0r x1vvkbs xtlvy1s x126k92a\">\n<div dir=\"auto\">Bal\u00e1zs nagy \u00f6r\u00f6mmel fogja haszn\u00e1lni megfelel\u0151 (id\u0151j\u00e1r\u00e1si \u00e9s egy\u00e9b) k\u00f6r\u00fclm\u00e9nyek k\u00f6z\u00f6tt, hiszen el\u00e9g komolyan p\u00e1ly\u00e1z\u00e1sra lesz felk\u00e9sz\u00edtve az aut\u00f3, de a kipakolt, versenyaut\u00f3 setupig az\u00e9rt nem elmenve. <span class=\"html-span xexx8yu x4uap5 x18d9i69 xkhd6sd x1hl2dhg x16tdsg8 x1vvkbs x3nfvp2 x1j61x8r x1fcty0u xdj266r xat24cr xgzva0m xhhsvwb xxymvpz xlup9mm x1kky2od\"><img decoding=\"async\" class=\"xz74otr lazyload\" data-src=\"https:\/\/static.xx.fbcdn.net\/images\/emoji.php\/v9\/t50\/1\/16\/1f525.png\" alt=\"\ud83d\udd25\" width=\"16\" height=\"16\" src=\"data:image\/gif;base64,R0lGODlhAQABAAAAACH5BAEKAAEALAAAAAABAAEAAAICTAEAOw==\" style=\"--smush-placeholder-width: 16px; --smush-placeholder-aspect-ratio: 16\/16;\" \/><noscript><img decoding=\"async\" class=\"xz74otr\" src=\"https:\/\/static.xx.fbcdn.net\/images\/emoji.php\/v9\/t50\/1\/16\/1f525.png\" alt=\"\ud83d\udd25\" width=\"16\" height=\"16\" \/><\/noscript><\/span><\/div>\n<\/div>\n<div class=\"x11i5rnm xat24cr x1mh8g0r x1vvkbs xtlvy1s x126k92a\">\n<div dir=\"auto\">Besz\u00e9ljenek helyett\u00fcnk a k\u00e9pek, \u00f6r\u00fcl\u00fcnk hogy a kezeink k\u00f6z\u00fcl adhattuk ki ezt a nem mindennapi g\u00e9pet <span class=\"html-span xexx8yu x4uap5 x18d9i69 xkhd6sd x1hl2dhg x16tdsg8 x1vvkbs x3nfvp2 x1j61x8r x1fcty0u xdj266r xat24cr xgzva0m xhhsvwb xxymvpz xlup9mm x1kky2od\"><img decoding=\"async\" class=\"xz74otr lazyload\" data-src=\"https:\/\/static.xx.fbcdn.net\/images\/emoji.php\/v9\/tea\/1\/16\/1f970.png\" alt=\"\ud83e\udd70\" width=\"16\" height=\"16\" src=\"data:image\/gif;base64,R0lGODlhAQABAAAAACH5BAEKAAEALAAAAAABAAEAAAICTAEAOw==\" style=\"--smush-placeholder-width: 16px; --smush-placeholder-aspect-ratio: 16\/16;\" \/><noscript><img decoding=\"async\" class=\"xz74otr\" src=\"https:\/\/static.xx.fbcdn.net\/images\/emoji.php\/v9\/tea\/1\/16\/1f970.png\" alt=\"\ud83e\udd70\" width=\"16\" height=\"16\" \/><\/noscript><\/span><span class=\"html-span xexx8yu x4uap5 x18d9i69 xkhd6sd x1hl2dhg x16tdsg8 x1vvkbs x3nfvp2 x1j61x8r x1fcty0u xdj266r xat24cr xgzva0m xhhsvwb xxymvpz xlup9mm x1kky2od\"><img loading=\"lazy\" decoding=\"async\" class=\"xz74otr lazyload\" data-src=\"https:\/\/static.xx.fbcdn.net\/images\/emoji.php\/v9\/t80\/1\/16\/1f64f.png\" alt=\"\ud83d\ude4f\" width=\"16\" height=\"16\" src=\"data:image\/gif;base64,R0lGODlhAQABAAAAACH5BAEKAAEALAAAAAABAAEAAAICTAEAOw==\" style=\"--smush-placeholder-width: 16px; --smush-placeholder-aspect-ratio: 16\/16;\" \/><noscript><img loading=\"lazy\" decoding=\"async\" class=\"xz74otr\" src=\"https:\/\/static.xx.fbcdn.net\/images\/emoji.php\/v9\/t80\/1\/16\/1f64f.png\" alt=\"\ud83d\ude4f\" width=\"16\" height=\"16\" \/><\/noscript><\/span>.<\/div>\n<div dir=\"auto\"><\/div>\n<div dir=\"auto\">Tess\u00e9k elveszni a r\u00e9szletekben!<\/div>\n<\/div>\n","protected":false},"featured_media":4000,"comment_status":"open","ping_status":"closed","template":"","meta":{"_acf_changed":false,"_monsterinsights_skip_tracking":false,"_monsterinsights_sitenote_active":false,"_monsterinsights_sitenote_note":"","_monsterinsights_sitenote_category":0},"marka":[67,75],"product_cat":[39],"product_tag":[],"class_list":{"0":"post-3999","1":"product","2":"type-product","3":"status-publish","4":"has-post-thumbnail","6":"marka-bmw","7":"marka-e46","8":"product_cat-egyeb","10":"first","11":"instock","12":"shipping-taxable","13":"product-type-simple"},"acf":[],"_links":{"self":[{"href":"https:\/\/mmminterior.hu\/en\/wp-json\/wp\/v2\/product\/3999","targetHints":{"allow":["GET"]}}],"collection":[{"href":"https:\/\/mmminterior.hu\/en\/wp-json\/wp\/v2\/product"}],"about":[{"href":"https:\/\/mmminterior.hu\/en\/wp-json\/wp\/v2\/types\/product"}],"replies":[{"embeddable":true,"href":"https:\/\/mmminterior.hu\/en\/wp-json\/wp\/v2\/comments?post=3999"}],"wp:featuredmedia":[{"embeddable":true,"href":"https:\/\/mmminterior.hu\/en\/wp-json\/wp\/v2\/media\/4000"}],"wp:attachment":[{"href":"https:\/\/mmminterior.hu\/en\/wp-json\/wp\/v2\/media?parent=3999"}],"wp:term":[{"taxonomy":"marka","embeddable":true,"href":"https:\/\/mmminterior.hu\/en\/wp-json\/wp\/v2\/marka?post=3999"},{"taxonomy":"product_cat","embeddable":true,"href":"https:\/\/mmminterior.hu\/en\/wp-json\/wp\/v2\/product_cat?post=3999"},{"taxonomy":"product_tag","embeddable":true,"href":"https:\/\/mmminterior.hu\/en\/wp-json\/wp\/v2\/product_tag?post=3999"}],"curies":[{"name":"wp","href":"https:\/\/api.w.org\/{rel}","templated":true}]}}