{"id":5922,"date":"2026-03-18T22:22:40","date_gmt":"2026-03-18T20:22:40","guid":{"rendered":"https:\/\/mmminterior.hu\/?post_type=product&#038;p=5922"},"modified":"2026-03-18T22:22:40","modified_gmt":"2026-03-18T20:22:40","slug":"fiat-124-spider-amon-oliver","status":"publish","type":"product","link":"https:\/\/mmminterior.hu\/en\/referenciak\/fiat-124-spider-amon-oliver\/","title":{"rendered":"Fiat 124 Spider &#8211; \u00c1mon Oliv\u00e9r"},"content":{"rendered":"","protected":false},"excerpt":{"rendered":"<div class=\"xdj266r x14z9mp xat24cr x1lziwak x1vvkbs x126k92a\">\n<div dir=\"auto\"><span class=\"html-span xexx8yu xyri2b x18d9i69 x1c1uobl x1hl2dhg x16tdsg8 x1vvkbs x3nfvp2 x1j61x8r x1fcty0u xdj266r xat24cr xm2jcoa x1mpyi22 xxymvpz xlup9mm x1kky2od\"><img decoding=\"async\" class=\"xz74otr x15mokao x1ga7v0g x16uus16 xbiv7yw lazyload\" data-src=\"https:\/\/static.xx.fbcdn.net\/images\/emoji.php\/v9\/tb9\/1\/16\/1f1ee_1f1f9.png\" alt=\"\ud83c\uddee\ud83c\uddf9\" width=\"16\" height=\"16\" src=\"data:image\/gif;base64,R0lGODlhAQABAAAAACH5BAEKAAEALAAAAAABAAEAAAICTAEAOw==\" style=\"--smush-placeholder-width: 16px; --smush-placeholder-aspect-ratio: 16\/16;\" \/><noscript><img decoding=\"async\" class=\"xz74otr x15mokao x1ga7v0g x16uus16 xbiv7yw lazyload\" data-src=\"https:\/\/static.xx.fbcdn.net\/images\/emoji.php\/v9\/tb9\/1\/16\/1f1ee_1f1f9.png\" alt=\"\ud83c\uddee\ud83c\uddf9\" width=\"16\" height=\"16\" src=\"data:image\/gif;base64,R0lGODlhAQABAAAAACH5BAEKAAEALAAAAAABAAEAAAICTAEAOw==\" style=\"--smush-placeholder-width: 16px; --smush-placeholder-aspect-ratio: 16\/16;\" \/><noscript><img decoding=\"async\" class=\"xz74otr x15mokao x1ga7v0g x16uus16 xbiv7yw\" src=\"https:\/\/static.xx.fbcdn.net\/images\/emoji.php\/v9\/tb9\/1\/16\/1f1ee_1f1f9.png\" alt=\"\ud83c\uddee\ud83c\uddf9\" width=\"16\" height=\"16\" \/><\/noscript><\/noscript><\/span> Fiat 124 Spider &#8211; Edizione Suocero <span class=\"html-span xexx8yu xyri2b x18d9i69 x1c1uobl x1hl2dhg x16tdsg8 x1vvkbs x3nfvp2 x1j61x8r x1fcty0u xdj266r xat24cr xm2jcoa x1mpyi22 xxymvpz xlup9mm x1kky2od\"><img decoding=\"async\" class=\"xz74otr x15mokao x1ga7v0g x16uus16 xbiv7yw lazyload\" data-src=\"https:\/\/static.xx.fbcdn.net\/images\/emoji.php\/v9\/tb9\/1\/16\/1f1ee_1f1f9.png\" alt=\"\ud83c\uddee\ud83c\uddf9\" width=\"16\" height=\"16\" src=\"data:image\/gif;base64,R0lGODlhAQABAAAAACH5BAEKAAEALAAAAAABAAEAAAICTAEAOw==\" style=\"--smush-placeholder-width: 16px; --smush-placeholder-aspect-ratio: 16\/16;\" \/><noscript><img decoding=\"async\" class=\"xz74otr x15mokao x1ga7v0g x16uus16 xbiv7yw lazyload\" data-src=\"https:\/\/static.xx.fbcdn.net\/images\/emoji.php\/v9\/tb9\/1\/16\/1f1ee_1f1f9.png\" alt=\"\ud83c\uddee\ud83c\uddf9\" width=\"16\" height=\"16\" src=\"data:image\/gif;base64,R0lGODlhAQABAAAAACH5BAEKAAEALAAAAAABAAEAAAICTAEAOw==\" style=\"--smush-placeholder-width: 16px; --smush-placeholder-aspect-ratio: 16\/16;\" \/><noscript><img decoding=\"async\" class=\"xz74otr x15mokao x1ga7v0g x16uus16 xbiv7yw\" src=\"https:\/\/static.xx.fbcdn.net\/images\/emoji.php\/v9\/tb9\/1\/16\/1f1ee_1f1f9.png\" alt=\"\ud83c\uddee\ud83c\uddf9\" width=\"16\" height=\"16\" \/><\/noscript><\/noscript><\/span><\/div>\n<\/div>\n<div class=\"x14z9mp xat24cr x1lziwak x1vvkbs xtlvy1s x126k92a\">\n<div dir=\"auto\">Nincs is motiv\u00e1l\u00f3bb, mint egy aj\u00e1nd\u00e9kba (meglepet\u00e9snek) sz\u00e1nt projektben r\u00e9szt venni.<\/div>\n<div dir=\"auto\"><span class=\"html-span xdj266r x14z9mp xat24cr x1lziwak xexx8yu xyri2b x18d9i69 x1c1uobl x1hl2dhg x16tdsg8 x1vvkbs\"><a class=\"x1i10hfl xjbqb8w x1ejq31n x18oe1m7 x1sy0etr xstzfhl x972fbf x10w94by x1qhh985 x14e42zd x9f619 x1ypdohk xt0psk2 x3ct3a4 xdj266r x14z9mp xat24cr x1lziwak xexx8yu xyri2b x18d9i69 x1c1uobl x16tdsg8 x1hl2dhg xggy1nq x1a2a7pz xkrqix3 x1sur9pj x1fey0fg x1s688f\" role=\"link\" href=\"https:\/\/www.facebook.com\/amonoliver93?__cft__[0]=AZaV9bnncPci3wZ4oW2R9YjiCJlPum3VrKTedBoZr6a67fw9xk7QDDn8TXJiHgstU7RVS-I9iQ6IYmMlIwWggTUm0WnkYkgVefXEVTMk17qWCUg1O2cc_vxseLjhWkbovtuk-dG5-L4RnpuJMkghKt82eg_507kJATuUWsAu8u7_2QS-F-BnsqelekHg2rDuiXY&amp;__tn__=-]K-R\"><span class=\"xt0psk2\"><span class=\"xjp7ctv\">Amon Oliver<\/span><\/span><\/a><\/span> most az Ap\u00f3snak sz\u00e1nt Fiat Spider-\u00e9t hozta el hozz\u00e1nk egy jelent\u0151sebb v\u00e1ltoztat\u00e1sra, \u00edgy a megviselt, gy\u00e1ri fekete utast\u00e9r egy teljesen \u00faj, olasz design-t kapott.\u00a0Z\u00f6ld nappab\u0151rrel, alcantar\u00e1val \u00e9s rengeteg apr\u00f3 r\u00e9szlettel ell\u00e1tva alakult ki az \u00f6sszk\u00e9p, mely rem\u00e9nyeink szerint \u00f3ri\u00e1si \u00f6r\u00f6met fog okozni a szem\u00e9lyes \u00e1tad\u00e1sn\u00e1l.<\/div>\n<\/div>\n","protected":false},"featured_media":5938,"comment_status":"open","ping_status":"closed","template":"","meta":{"_acf_changed":false,"_monsterinsights_skip_tracking":false,"_monsterinsights_sitenote_active":false,"_monsterinsights_sitenote_note":"","_monsterinsights_sitenote_category":0},"marka":[],"product_cat":[39],"product_tag":[],"class_list":{"0":"post-5922","1":"product","2":"type-product","3":"status-publish","4":"has-post-thumbnail","6":"product_cat-egyeb","8":"first","9":"instock","10":"shipping-taxable","11":"product-type-simple"},"acf":[],"_links":{"self":[{"href":"https:\/\/mmminterior.hu\/en\/wp-json\/wp\/v2\/product\/5922","targetHints":{"allow":["GET"]}}],"collection":[{"href":"https:\/\/mmminterior.hu\/en\/wp-json\/wp\/v2\/product"}],"about":[{"href":"https:\/\/mmminterior.hu\/en\/wp-json\/wp\/v2\/types\/product"}],"replies":[{"embeddable":true,"href":"https:\/\/mmminterior.hu\/en\/wp-json\/wp\/v2\/comments?post=5922"}],"wp:featuredmedia":[{"embeddable":true,"href":"https:\/\/mmminterior.hu\/en\/wp-json\/wp\/v2\/media\/5938"}],"wp:attachment":[{"href":"https:\/\/mmminterior.hu\/en\/wp-json\/wp\/v2\/media?parent=5922"}],"wp:term":[{"taxonomy":"marka","embeddable":true,"href":"https:\/\/mmminterior.hu\/en\/wp-json\/wp\/v2\/marka?post=5922"},{"taxonomy":"product_cat","embeddable":true,"href":"https:\/\/mmminterior.hu\/en\/wp-json\/wp\/v2\/product_cat?post=5922"},{"taxonomy":"product_tag","embeddable":true,"href":"https:\/\/mmminterior.hu\/en\/wp-json\/wp\/v2\/product_tag?post=5922"}],"curies":[{"name":"wp","href":"https:\/\/api.w.org\/{rel}","templated":true}]}}